{"id":3,"date":"2025-03-18T05:54:47","date_gmt":"2025-03-18T05:54:47","guid":{"rendered":"http:\/\/drkrasovsky.com\/portal\/?page_id=3"},"modified":"2025-03-19T21:21:48","modified_gmt":"2025-03-19T21:21:48","slug":"aviso-de-privacidad","status":"publish","type":"page","link":"https:\/\/drkrasovsky.com\/portal\/aviso-de-privacidad\/","title":{"rendered":"Pol\u00edtica de Privacidad y Uso de Datos Personales"},"content":{"rendered":"\t\t<div data-elementor-type=\"wp-page\" data-elementor-id=\"3\" class=\"elementor elementor-3\" data-elementor-post-type=\"page\">\n\t\t\t\t<div class=\"elementor-element elementor-element-55b8e19e e-flex e-con-boxed e-con e-parent\" data-id=\"55b8e19e\" data-element_type=\"container\" data-e-type=\"container\">\n\t\t\t\t\t<div class=\"e-con-inner\">\n\t\t\t\t<div class=\"elementor-element elementor-element-13acc9b7 elementor-widget elementor-widget-text-editor\" data-id=\"13acc9b7\" data-element_type=\"widget\" data-e-type=\"widget\" data-widget_type=\"text-editor.default\">\n\t\t\t\t<div class=\"elementor-widget-container\">\n\t\t\t\t\t\t\t\t\t<h3><span style=\"color: #ffffff;\"><strong>AVISO DE PRIVACIDAD<\/strong><\/span><\/h3><p>CL\u00cdNICA QUIR\u00daRGICA BERL\u00cdN, SOCIEDAD AN\u00d3NIMA DE CAPITAL VARIABLE, es una sociedad legalmente constituida y existente conforme a las leyes de M\u00e9xico, con domicilio en Berl\u00edn n\u00famero 14, Colonia Ju\u00e1rez, Alcald\u00eda Cuauht\u00e9moc, c\u00f3digo postal 06600, en la Ciudad de M\u00e9xico, con la responsabilidad de recabar y proteger sus datos personales.<\/p><p>En t\u00e9rminos de lo que establecen los art\u00edculos 1, 2, 6, 8, 10, 11, 12, 16, 17 y dem\u00e1s relativos y aplicables de la Ley Federal de Protecci\u00f3n de Datos Personales, CL\u00cdNICA QUIR\u00daRGICA BERL\u00cdN, SOCIEDAD AN\u00d3NIMA DE CAPITAL VARIABLE, hace de su conocimiento que los datos personales recabados por la relaci\u00f3n jur\u00eddica o comercial que se tenga con Usted, o con la persona de quien sean recabados, incluyendo los sensibles, que actualmente o en el futuro obren en nuestras bases de datos, ser\u00e1n protegidos, guard\u00e1ndose estricta confidencialidad, con la abstenci\u00f3n de divulgarlos o revelarlos, asimismo, ser\u00e1n tratados y\/o utilizados por: CL\u00cdNICA QUIR\u00daRGICA BERL\u00cdN, SOCIEDAD AN\u00d3NIMA DE CAPITAL VARIABLE y\/o nuestras sucursales y\/ nuestras empresas filiales y\/o subsidiarias y\/o aquellos terceros que, por la naturaleza de sus trabajos o funciones tengan la necesidad de tratar y\/o utilizar sus datos personales, con el prop\u00f3sito de cumplir aquellas obligaciones que derivan de la relaci\u00f3n jur\u00eddica existente entre Usted como titular de los datos personales y la sociedad responsable.<\/p><p>Sus datos personales ser\u00e1n utilizados para las siguientes finalidades:<\/p><p>\u2022 Proveer servicios y productos requeridos;<br \/>\u2022 Informar sobre nuevos productos o servicios que est\u00e9n relacionados con el contratado o adquirido por el cliente;<br \/>\u2022 Dar cumplimiento a obligaciones contra\u00eddas con nuestros clientes;<br \/>\u2022 Informar sobre cambios de nuestros productos o servicios;<br \/>\u2022 Evaluar la calidad del servicio, y<br \/>\u2022 Realizar estudios internos sobre h\u00e1bitos de consumo.<\/p><p>Para las finalidades se\u00f1aladas en el presente aviso de privacidad, podemos recabar sus datos personales de distintas formas: cuando Usted nos los proporciona directamente; cuando visita nuestro sitio de Internet o utiliza nuestros servicios en l\u00ednea, y cuando obtenemos informaci\u00f3n a trav\u00e9s de otras fuentes que est\u00e1n permitidas por la ley.<\/p><p>Usted tiene derecho de acceder, rectificar y cancelar sus datos personales, as\u00ed como de oponerse al tratamiento de los mismos o revocar el consentimiento que para tal fin nos haya otorgado, a trav\u00e9s de los procedimientos que hemos implementado. Para conocer dichos procedimientos, los requisitos y plazos, se puede poner en contacto con nuestro departamento de datos personales en [datos de contacto, domicilio, tel\u00e9fono, coreo electr\u00f3nico].<\/p><p>CL\u00cdNICA QUIR\u00daRGICA BERL\u00cdN, SOCIEDAD AN\u00d3NIMA DE CAPITAL VARIABLE, podr\u00e1 transferir los datos personales que obren en sus bases de datos a cualesquiera de las empresas controladoras de \u00e9sta \u00faltima y\/o a sus empresas filiales y\/o subsidiarias e incluso a terceras personas, nacionales o extranjeras, salvo que los titulares respectivos manifiesten expresamente su oposici\u00f3n, en t\u00e9rminos de lo dispuesto por la Ley Federal de Protecci\u00f3n de Datos Personales en Posesi\u00f3n de los Particulares. Si Usted no manifiesta su oposici\u00f3n para que sus datos personales sean transferidos, se entender\u00e1 que ha otorgado su consentimiento para ello.<\/p><p>Los titulares podr\u00e1n ejercer los derechos ARCO que les confiere la Ley, mediante una solicitud por escrito, que deber\u00e1 ser presentada en el domicilio de CL\u00cdNICA QUIR\u00daRGICA BERL\u00cdN, SOCIEDAD AN\u00d3NIMA DE CAPITAL VARIABLE.<\/p><p>Todas las solicitudes que sean presentadas a CL\u00cdNICA QUIR\u00daRGICA BERL\u00cdN, SOCIEDAD AN\u00d3NIMA DE CAPITAL VARIABLE, deber\u00e1n contener lo siguiente:<\/p><p>\u2022 Nombre y firma aut\u00f3grafa del titular, as\u00ed como un domicilio u otro medio para comunicarle la respuesta a su solicitud.<\/p><p>\u2022 Acompa\u00f1ar los documentos oficiales que acrediten la identidad del titular.<\/p><p>\u2022 Incluir una descripci\u00f3n clara y precisa de los datos personales respecto de los cuales ejercitar\u00e1 los derechos que les confiere la Ley.<\/p><p>\u2022 Incluir cualquier elemento o documento que facilite la localizaci\u00f3n de los datos personales de que se traten.<\/p><p>CL\u00cdNICA QUIR\u00daRGICA BERL\u00cdN, SOCIEDAD AN\u00d3NIMA DE CAPITAL VARIABLE, se reserva el derecho de cambiar, modificar, complementar y\/o alterar el presente aviso de privacidad, para la vigilancia de primicias legislativas o jurisprudenciales, pol\u00edticas internas, nuevos requerimientos para la prestaci\u00f3n u ofrecimiento de nuestros servicios o productos y pr\u00e1cticas del mercado. Estas modificaciones estar\u00e1n disponibles al p\u00fablico a trav\u00e9s de los siguientes medios: (i) anuncios visibles en nuestros establecimientos o centros de atenci\u00f3n a clientes; (ii) tr\u00edpticos o folletos disponibles en nuestros establecimientos o centros de atenci\u00f3n a clientes; (iii) en nuestra p\u00e1gina de Internet.<\/p><p>Finalmente, para la mejor interpretaci\u00f3n de este aviso de privacidad, se expone el significado de las expresiones siguientes:<\/p><p>(i) Bases de Datos: El conjunto ordenado de datos personales referentes a una persona identificada o identificable.<\/p><p>(ii) Consentimiento: Manifestaci\u00f3n de la voluntad del titular de los datos mediante la cual se efect\u00faa el tratamiento de los mismos.<\/p><p>(iii) Datos personales: Cualquier informaci\u00f3n concerniente a una persona f\u00edsica identificada o identificable, como nombre, direcciones domiciliarias, correo electr\u00f3nico y en general, todos los aspectos relacionados con la informaci\u00f3n personal.<\/p><p>(iv) Datos personales sensibles: Aquellos datos personales que afecten a la esfera m\u00e1s \u00edntima de su titular, o cuya utilizaci\u00f3n indebida pueda dar origen a discriminaci\u00f3n o conlleve un riesgo grave para \u00e9ste. En particular, se consideran sensibles aquellos que puedan revelar aspectos como origen racial o \u00e9tnico, estado de salud presente y futuro, informaci\u00f3n gen\u00e9tica, creencias religiosas, filos\u00f3ficas y morales, afiliaci\u00f3n sindical, opiniones pol\u00edticas, preferencia sexual.<\/p><p>(v) Titular: La persona f\u00edsica a quien corresponden los datos personales.<\/p><p>(vi) Tratamiento: La obtenci\u00f3n, uso, o almacenamiento de datos personales, por cualquier medio. El uso abarca cualquier acci\u00f3n de acceso, manejo, aprovechamiento, transferencia o disposici\u00f3n de datos personales.<\/p><p>La \u00faltima actualizaci\u00f3n al aviso de privacidad se realiz\u00f3 el 13 de septiembre de 2019.<\/p>\t\t\t\t\t\t\t\t<\/div>\n\t\t\t\t<\/div>\n\t\t\t\t\t<\/div>\n\t\t\t\t<\/div>\n\t\t\t\t<\/div>\n\t\t","protected":false},"excerpt":{"rendered":"<p>AVISO DE PRIVACIDAD CL\u00cdNICA QUIR\u00daRGICA BERL\u00cdN, SOCIEDAD AN\u00d3NIMA DE CAPITAL VARIABLE, es una sociedad legalmente constituida y existente conforme a [&hellip;]<\/p>\n","protected":false},"author":1,"featured_media":0,"parent":0,"menu_order":0,"comment_status":"closed","ping_status":"closed","template":"","meta":{"site-sidebar-layout":"default","site-content-layout":"","ast-site-content-layout":"","site-content-style":"default","site-sidebar-style":"default","ast-global-header-display":"","ast-banner-title-visibility":"","ast-main-header-display":"","ast-hfb-above-header-display":"","ast-hfb-below-header-display":"","ast-hfb-mobile-header-display":"","site-post-title":"disabled","ast-breadcrumbs-content":"","ast-featured-img":"","footer-sml-layout":"","theme-transparent-header-meta":"","adv-header-id-meta":"","stick-header-meta":"","header-above-stick-meta":"","header-main-stick-meta":"","header-below-stick-meta":"","astra-migrate-meta-layouts":"default","ast-page-background-enabled":"default","ast-page-background-meta":{"desktop":{"background-color":"var(--ast-global-color-5)","background-image":"","background-repeat":"repeat","background-position":"center center","background-size":"auto","background-attachment":"scroll","background-type":"","background-media":"","overlay-type":"","overlay-color":"","overlay-opacity":"","overlay-gradient":""},"tablet":{"background-color":"","background-image":"","background-repeat":"repeat","background-position":"center center","background-size":"auto","background-attachment":"scroll","background-type":"","background-media":"","overlay-type":"","overlay-color":"","overlay-opacity":"","overlay-gradient":""},"mobile":{"background-color":"","background-image":"","background-repeat":"repeat","background-position":"center center","background-size":"auto","background-attachment":"scroll","background-type":"","background-media":"","overlay-type":"","overlay-color":"","overlay-opacity":"","overlay-gradient":""}},"ast-content-background-meta":{"desktop":{"background-color":"var(--ast-global-color-4)","background-image":"","background-repeat":"repeat","background-position":"center center","background-size":"auto","background-attachment":"scroll","background-type":"","background-media":"","overlay-type":"","overlay-color":"","overlay-opacity":"","overlay-gradient":""},"tablet":{"background-color":"var(--ast-global-color-4)","background-image":"","background-repeat":"repeat","background-position":"center center","background-size":"auto","background-attachment":"scroll","background-type":"","background-media":"","overlay-type":"","overlay-color":"","overlay-opacity":"","overlay-gradient":""},"mobile":{"background-color":"var(--ast-global-color-4)","background-image":"","background-repeat":"repeat","background-position":"center center","background-size":"auto","background-attachment":"scroll","background-type":"","background-media":"","overlay-type":"","overlay-color":"","overlay-opacity":"","overlay-gradient":""}},"_joinchat":[],"footnotes":""},"class_list":["post-3","page","type-page","status-publish","hentry"],"_links":{"self":[{"href":"https:\/\/drkrasovsky.com\/portal\/wp-json\/wp\/v2\/pages\/3","targetHints":{"allow":["GET"]}}],"collection":[{"href":"https:\/\/drkrasovsky.com\/portal\/wp-json\/wp\/v2\/pages"}],"about":[{"href":"https:\/\/drkrasovsky.com\/portal\/wp-json\/wp\/v2\/types\/page"}],"author":[{"embeddable":true,"href":"https:\/\/drkrasovsky.com\/portal\/wp-json\/wp\/v2\/users\/1"}],"replies":[{"embeddable":true,"href":"https:\/\/drkrasovsky.com\/portal\/wp-json\/wp\/v2\/comments?post=3"}],"version-history":[{"count":12,"href":"https:\/\/drkrasovsky.com\/portal\/wp-json\/wp\/v2\/pages\/3\/revisions"}],"predecessor-version":[{"id":815,"href":"https:\/\/drkrasovsky.com\/portal\/wp-json\/wp\/v2\/pages\/3\/revisions\/815"}],"wp:attachment":[{"href":"https:\/\/drkrasovsky.com\/portal\/wp-json\/wp\/v2\/media?parent=3"}],"curies":[{"name":"wp","href":"https:\/\/api.w.org\/{rel}","templated":true}]}}