{"id":289,"date":"2025-03-19T06:26:39","date_gmt":"2025-03-19T06:26:39","guid":{"rendered":"http:\/\/drkrasovsky.com\/portal\/about\/"},"modified":"2026-01-20T23:04:04","modified_gmt":"2026-01-20T23:04:04","slug":"quien-soy","status":"publish","type":"page","link":"https:\/\/drkrasovsky.com\/portal\/quien-soy\/","title":{"rendered":"Qui\u00e9n Soy"},"content":{"rendered":"\t\t<div data-elementor-type=\"wp-page\" data-elementor-id=\"289\" class=\"elementor elementor-289\" data-elementor-post-type=\"page\">\n\t\t\t\t<div class=\"elementor-element elementor-element-bd29358 e-flex e-con-boxed e-con e-parent\" data-id=\"bd29358\" data-element_type=\"container\" data-e-type=\"container\" data-settings=\"{&quot;background_background&quot;:&quot;classic&quot;}\">\n\t\t\t\t\t<div class=\"e-con-inner\">\n\t\t<div class=\"elementor-element elementor-element-d0ebf38 e-con-full e-flex e-con e-child\" data-id=\"d0ebf38\" data-element_type=\"container\" data-e-type=\"container\">\n\t\t\t\t<\/div>\n\t\t\t\t\t<\/div>\n\t\t\t\t<\/div>\n\t\t<div class=\"elementor-element elementor-element-128486c e-flex e-con-boxed elementor-invisible e-con e-parent\" data-id=\"128486c\" data-element_type=\"container\" data-e-type=\"container\" data-settings=\"{&quot;background_background&quot;:&quot;classic&quot;,&quot;animation&quot;:&quot;fadeInDown&quot;}\">\n\t\t\t\t\t<div class=\"e-con-inner\">\n\t\t<div class=\"elementor-element elementor-element-eaa494a e-con-full e-flex e-con e-child\" data-id=\"eaa494a\" data-element_type=\"container\" data-e-type=\"container\">\n\t\t\t\t<div class=\"elementor-element elementor-element-236eb3b elementor-widget__width-initial elementor-widget elementor-widget-heading\" data-id=\"236eb3b\" data-element_type=\"widget\" data-e-type=\"widget\" data-widget_type=\"heading.default\">\n\t\t\t\t<div class=\"elementor-widget-container\">\n\t\t\t\t\t<h6 class=\"elementor-heading-title elementor-size-default\">QUIEN SOY<\/h6>\t\t\t\t<\/div>\n\t\t\t\t<\/div>\n\t\t<div class=\"elementor-element elementor-element-be9cfd6 e-con-full e-flex e-con e-child\" data-id=\"be9cfd6\" data-element_type=\"container\" data-e-type=\"container\">\n\t\t\t\t<div class=\"elementor-element elementor-element-28990fc elementor-widget__width-initial elementor-widget elementor-widget-heading\" data-id=\"28990fc\" data-element_type=\"widget\" data-e-type=\"widget\" data-widget_type=\"heading.default\">\n\t\t\t\t<div class=\"elementor-widget-container\">\n\t\t\t\t\t<h2 class=\"elementor-heading-title elementor-size-default\">Transformaci\u00f3n Est\u00e9tica con Prop\u00f3sito: Salud, Belleza y Confianza en Manos del\u00a0Dr.\u00a0Krasovsky<\/h2>\t\t\t\t<\/div>\n\t\t\t\t<\/div>\n\t\t\t\t<\/div>\n\t\t\t\t<div class=\"elementor-element elementor-element-4368136 elementor-widget elementor-widget-text-editor\" data-id=\"4368136\" data-element_type=\"widget\" data-e-type=\"widget\" data-widget_type=\"text-editor.default\">\n\t\t\t\t<div class=\"elementor-widget-container\">\n\t\t\t\t\t\t\t\t\t<p>Sobre el Dr. Jorge Krasovsky<\/p><p>El Dr. Jorge Krasovsky es un reconocido m\u00e9dico cirujano pl\u00e1stico mexicano, con m\u00e1s de 25 a\u00f1os de experiencia en cirug\u00eda pl\u00e1stica est\u00e9tica y reconstructiva. Estudi\u00f3 medicina en la Universidad La Salle, realiz\u00f3 su especialidad en cirug\u00eda general en el Hospital \u00c1ngeles del Pedregal (avalado por la UNAM), y posteriormente complet\u00f3 su formaci\u00f3n en cirug\u00eda pl\u00e1stica en el Hospital Centro M\u00e9dico Nacional \u201c20 de Noviembre\u201d del ISSSTE.<\/p><p>En su constante b\u00fasqueda de excelencia, complement\u00f3 sus estudios con entrenamientos y diplomados en Francia, Estados Unidos, Brasil, Espa\u00f1a y B\u00e9lgica, consolidando una visi\u00f3n internacional y actualizada de su especialidad.<\/p><p>Adem\u00e1s de su trayectoria m\u00e9dica, ha destacado como comunicador y divulgador de la salud est\u00e9tica. Fue conductor de la secci\u00f3n de cirug\u00eda pl\u00e1stica del programa Hoy de Televisa durante m\u00e1s de cinco a\u00f1os, y ha participado como colaborador en programas como Venga la Alegr\u00eda, Sale el Sol, Un Nuevo D\u00eda y Despierta Am\u00e9rica, as\u00ed como en diversos espacios de radio y televisi\u00f3n, compartiendo su experiencia con un enfoque educativo y profesional.<\/p><p>En medios impresos, ha contribuido con art\u00edculos especializados en Exc\u00e9lsior y La Cr\u00f3nica, fortaleciendo su papel como referente en el campo de la medicina est\u00e9tica.<\/p><p>Es autor del libro \u201cLa Realidad Est\u00e9tica Para Ti\u201d, una gu\u00eda clara y accesible para el p\u00fablico general, donde explica los principales procedimientos de cirug\u00eda pl\u00e1stica, sus riesgos, beneficios y reflexiones sobre la belleza. En \u00e9l, tambi\u00e9n destaca el trabajo de m\u00e1s de 1,200 cirujanos pl\u00e1sticos certificados en M\u00e9xico.<\/p><p>Actualmente, mantiene una columna semanal en la revista TV de Exc\u00e9lsior y contin\u00faa como colaborador en el programa Un Nuevo D\u00eda, transmitido de lunes a viernes.<\/p><p>A lo largo de su carrera ha sido conferencista en numerosos congresos nacionales e internacionales, y speaker oficial de prestigiadas marcas de medicina est\u00e9tica como Restylane, Dysport, \u00e1cido polil\u00e1ctico, enzimas recombinantes, entre otras. Es ampliamente reconocido como el M\u00e1ster de Sculptra en M\u00e9xico, siendo pionero en su aplicaci\u00f3n y ense\u00f1anza desde hace m\u00e1s de dos d\u00e9cadas. Su liderazgo lo posiciona como uno de los mayores expertos en Sculptra a nivel mundial.<\/p><p>El Dr. Krasovsky se ha dedicado a informar, formar y transformar, siempre con \u00e9tica, sensibilidad y un compromiso profundo con sus pacientes\u00a0y\u00a0colegas.<\/p>\t\t\t\t\t\t\t\t<\/div>\n\t\t\t\t<\/div>\n\t\t\t\t<\/div>\n\t\t<div class=\"elementor-element elementor-element-ed048cb e-con-full e-flex e-con e-child\" data-id=\"ed048cb\" data-element_type=\"container\" data-e-type=\"container\" data-settings=\"{&quot;background_background&quot;:&quot;classic&quot;}\">\n\t\t\t\t<div class=\"elementor-element elementor-element-ddccb4d elementor-widget elementor-widget-spacer\" data-id=\"ddccb4d\" data-element_type=\"widget\" data-e-type=\"widget\" data-widget_type=\"spacer.default\">\n\t\t\t\t<div class=\"elementor-widget-container\">\n\t\t\t\t\t\t\t<div class=\"elementor-spacer\">\n\t\t\t<div class=\"elementor-spacer-inner\"><\/div>\n\t\t<\/div>\n\t\t\t\t\t\t<\/div>\n\t\t\t\t<\/div>\n\t\t\t\t<\/div>\n\t\t\t\t\t<\/div>\n\t\t\t\t<\/div>\n\t\t<div class=\"elementor-element elementor-element-9091bea e-flex e-con-boxed elementor-invisible e-con e-parent\" data-id=\"9091bea\" data-element_type=\"container\" data-e-type=\"container\" data-settings=\"{&quot;background_background&quot;:&quot;classic&quot;,&quot;animation&quot;:&quot;fadeInUp&quot;}\">\n\t\t\t\t\t<div class=\"e-con-inner\">\n\t\t<div class=\"elementor-element elementor-element-069a406 e-con-full e-flex e-con e-child\" data-id=\"069a406\" data-element_type=\"container\" data-e-type=\"container\">\n\t\t<div class=\"elementor-element elementor-element-565a838 e-con-full e-flex e-con e-child\" data-id=\"565a838\" data-element_type=\"container\" data-e-type=\"container\">\n\t\t<div class=\"elementor-element elementor-element-341134c e-con-full e-flex e-con e-child\" data-id=\"341134c\" data-element_type=\"container\" data-e-type=\"container\" data-settings=\"{&quot;background_background&quot;:&quot;classic&quot;}\">\n\t\t<div class=\"elementor-element elementor-element-258d2aa e-con-full e-flex e-con e-child\" data-id=\"258d2aa\" data-element_type=\"container\" data-e-type=\"container\">\n\t\t\t\t<div class=\"elementor-element elementor-element-a9c3919 elementor-widget__width-auto elementor-widget elementor-widget-heading\" data-id=\"a9c3919\" data-element_type=\"widget\" data-e-type=\"widget\" data-widget_type=\"heading.default\">\n\t\t\t\t<div class=\"elementor-widget-container\">\n\t\t\t\t\t<h6 class=\"elementor-heading-title elementor-size-default\">Cirug\u00eda Pl\u00e1stica<\/h6>\t\t\t\t<\/div>\n\t\t\t\t<\/div>\n\t\t\t\t<div class=\"elementor-element elementor-element-ae52366 elementor-widget__width-auto elementor-widget-divider--view-line elementor-widget elementor-widget-divider\" data-id=\"ae52366\" data-element_type=\"widget\" data-e-type=\"widget\" data-widget_type=\"divider.default\">\n\t\t\t\t<div class=\"elementor-widget-container\">\n\t\t\t\t\t\t\t<div class=\"elementor-divider\">\n\t\t\t<span class=\"elementor-divider-separator\">\n\t\t\t\t\t\t<\/span>\n\t\t<\/div>\n\t\t\t\t\t\t<\/div>\n\t\t\t\t<\/div>\n\t\t\t\t<\/div>\n\t\t\t\t<div class=\"elementor-element elementor-element-0498ec0 elementor-widget elementor-widget-heading\" data-id=\"0498ec0\" data-element_type=\"widget\" data-e-type=\"widget\" data-widget_type=\"heading.default\">\n\t\t\t\t<div class=\"elementor-widget-container\">\n\t\t\t\t\t<h5 class=\"elementor-heading-title elementor-size-default\">La cirug\u00eda pl\u00e1stica es una especialidad de la medicina donde la finalidad eslograr la armon\u00eda entre lo f\u00edsico, lo emocionla y el autoestima para lograr la felicidad de cada ser humano.<\/h5>\t\t\t\t<\/div>\n\t\t\t\t<\/div>\n\t\t\t\t<div class=\"elementor-element elementor-element-b1b9c63 elementor-widget__width-auto elementor-widget-divider--view-line elementor-widget elementor-widget-divider\" data-id=\"b1b9c63\" data-element_type=\"widget\" data-e-type=\"widget\" data-widget_type=\"divider.default\">\n\t\t\t\t<div class=\"elementor-widget-container\">\n\t\t\t\t\t\t\t<div class=\"elementor-divider\">\n\t\t\t<span class=\"elementor-divider-separator\">\n\t\t\t\t\t\t<\/span>\n\t\t<\/div>\n\t\t\t\t\t\t<\/div>\n\t\t\t\t<\/div>\n\t\t\t\t<\/div>\n\t\t<div class=\"elementor-element elementor-element-87706a6 e-con-full e-flex e-con e-child\" data-id=\"87706a6\" data-element_type=\"container\" data-e-type=\"container\" data-settings=\"{&quot;background_background&quot;:&quot;classic&quot;}\">\n\t\t<div class=\"elementor-element elementor-element-4c6ece3 e-con-full e-flex e-con e-child\" data-id=\"4c6ece3\" data-element_type=\"container\" data-e-type=\"container\">\n\t\t\t\t<div class=\"elementor-element elementor-element-1eceec5 elementor-widget__width-auto elementor-widget elementor-widget-heading\" data-id=\"1eceec5\" data-element_type=\"widget\" data-e-type=\"widget\" data-widget_type=\"heading.default\">\n\t\t\t\t<div class=\"elementor-widget-container\">\n\t\t\t\t\t<h6 class=\"elementor-heading-title elementor-size-default\">Cirug\u00eda Est\u00e9tica<\/h6>\t\t\t\t<\/div>\n\t\t\t\t<\/div>\n\t\t\t\t<div class=\"elementor-element elementor-element-722c2dd elementor-widget__width-auto elementor-widget-divider--view-line elementor-widget elementor-widget-divider\" data-id=\"722c2dd\" data-element_type=\"widget\" data-e-type=\"widget\" data-widget_type=\"divider.default\">\n\t\t\t\t<div class=\"elementor-widget-container\">\n\t\t\t\t\t\t\t<div class=\"elementor-divider\">\n\t\t\t<span class=\"elementor-divider-separator\">\n\t\t\t\t\t\t<\/span>\n\t\t<\/div>\n\t\t\t\t\t\t<\/div>\n\t\t\t\t<\/div>\n\t\t\t\t<\/div>\n\t\t\t\t<div class=\"elementor-element elementor-element-2184b49 elementor-widget elementor-widget-heading\" data-id=\"2184b49\" data-element_type=\"widget\" data-e-type=\"widget\" data-widget_type=\"heading.default\">\n\t\t\t\t<div class=\"elementor-widget-container\">\n\t\t\t\t\t<h5 class=\"elementor-heading-title elementor-size-default\">La est\u00e9tica es la armon\u00eda y simetr\u00eda entre las formas del cuerpo, la visi\u00f3n y la mentalidad de quien lo aprecia para encontrar algo tan sublime como es la belleza<\/h5>\t\t\t\t<\/div>\n\t\t\t\t<\/div>\n\t\t\t\t<div class=\"elementor-element elementor-element-4d4da63 elementor-widget__width-auto elementor-widget-divider--view-line elementor-widget elementor-widget-divider\" data-id=\"4d4da63\" data-element_type=\"widget\" data-e-type=\"widget\" data-widget_type=\"divider.default\">\n\t\t\t\t<div class=\"elementor-widget-container\">\n\t\t\t\t\t\t\t<div class=\"elementor-divider\">\n\t\t\t<span class=\"elementor-divider-separator\">\n\t\t\t\t\t\t<\/span>\n\t\t<\/div>\n\t\t\t\t\t\t<\/div>\n\t\t\t\t<\/div>\n\t\t\t\t<\/div>\n\t\t<div class=\"elementor-element elementor-element-9185b1f e-con-full e-flex e-con e-child\" data-id=\"9185b1f\" data-element_type=\"container\" data-e-type=\"container\" data-settings=\"{&quot;background_background&quot;:&quot;classic&quot;}\">\n\t\t<div class=\"elementor-element elementor-element-75e05df e-con-full e-flex e-con e-child\" data-id=\"75e05df\" data-element_type=\"container\" data-e-type=\"container\">\n\t\t\t\t<div class=\"elementor-element elementor-element-2211edf elementor-widget__width-auto elementor-widget elementor-widget-heading\" data-id=\"2211edf\" data-element_type=\"widget\" data-e-type=\"widget\" data-widget_type=\"heading.default\">\n\t\t\t\t<div class=\"elementor-widget-container\">\n\t\t\t\t\t<h6 class=\"elementor-heading-title elementor-size-default\">Cirug\u00eda Reconstructiva <\/h6>\t\t\t\t<\/div>\n\t\t\t\t<\/div>\n\t\t\t\t<div class=\"elementor-element elementor-element-937b884 elementor-widget__width-auto elementor-widget-divider--view-line elementor-widget elementor-widget-divider\" data-id=\"937b884\" data-element_type=\"widget\" data-e-type=\"widget\" data-widget_type=\"divider.default\">\n\t\t\t\t<div class=\"elementor-widget-container\">\n\t\t\t\t\t\t\t<div class=\"elementor-divider\">\n\t\t\t<span class=\"elementor-divider-separator\">\n\t\t\t\t\t\t<\/span>\n\t\t<\/div>\n\t\t\t\t\t\t<\/div>\n\t\t\t\t<\/div>\n\t\t\t\t<\/div>\n\t\t\t\t<div class=\"elementor-element elementor-element-e94e1eb elementor-widget elementor-widget-heading\" data-id=\"e94e1eb\" data-element_type=\"widget\" data-e-type=\"widget\" data-widget_type=\"heading.default\">\n\t\t\t\t<div class=\"elementor-widget-container\">\n\t\t\t\t\t<h5 class=\"elementor-heading-title elementor-size-default\">La cirug\u00eda reconstructiva es la base de la cirug\u00eda pl\u00e1tica, es importante dominar el arte de la reconstrucci\u00f3n, para entender la cirug\u00eda est\u00e9tica<\/h5>\t\t\t\t<\/div>\n\t\t\t\t<\/div>\n\t\t\t\t<div class=\"elementor-element elementor-element-5754325 elementor-widget__width-auto elementor-widget-divider--view-line elementor-widget elementor-widget-divider\" data-id=\"5754325\" data-element_type=\"widget\" data-e-type=\"widget\" data-widget_type=\"divider.default\">\n\t\t\t\t<div class=\"elementor-widget-container\">\n\t\t\t\t\t\t\t<div class=\"elementor-divider\">\n\t\t\t<span class=\"elementor-divider-separator\">\n\t\t\t\t\t\t<\/span>\n\t\t<\/div>\n\t\t\t\t\t\t<\/div>\n\t\t\t\t<\/div>\n\t\t\t\t<\/div>\n\t\t\t\t<\/div>\n\t\t<div class=\"elementor-element elementor-element-1091a6f e-con-full e-flex e-con e-child\" data-id=\"1091a6f\" data-element_type=\"container\" data-e-type=\"container\">\n\t\t<div class=\"elementor-element elementor-element-be40723 e-con-full e-flex e-con e-child\" data-id=\"be40723\" data-element_type=\"container\" data-e-type=\"container\">\n\t\t\t\t<div class=\"elementor-element elementor-element-3d9b2d2 elementor-widget elementor-widget-heading\" data-id=\"3d9b2d2\" data-element_type=\"widget\" data-e-type=\"widget\" data-widget_type=\"heading.default\">\n\t\t\t\t<div class=\"elementor-widget-container\">\n\t\t\t\t\t<h6 class=\"elementor-heading-title elementor-size-default\">M\u00e1s sobre mi<\/h6>\t\t\t\t<\/div>\n\t\t\t\t<\/div>\n\t\t<div class=\"elementor-element elementor-element-92aa3d4 e-con-full e-flex e-con e-child\" data-id=\"92aa3d4\" data-element_type=\"container\" data-e-type=\"container\">\n\t\t\t\t<div class=\"elementor-element elementor-element-4b453f9 elementor-widget__width-auto elementor-widget elementor-widget-heading\" data-id=\"4b453f9\" data-element_type=\"widget\" data-e-type=\"widget\" data-widget_type=\"heading.default\">\n\t\t\t\t<div class=\"elementor-widget-container\">\n\t\t\t\t\t<h2 class=\"elementor-heading-title elementor-size-default\">Certificaciones<\/h2>\t\t\t\t<\/div>\n\t\t\t\t<\/div>\n\t\t\t\t<div class=\"elementor-element elementor-element-c06a336 elementor-widget__width-auto elementor-widget-divider--view-line elementor-widget elementor-widget-divider\" data-id=\"c06a336\" data-element_type=\"widget\" data-e-type=\"widget\" data-widget_type=\"divider.default\">\n\t\t\t\t<div class=\"elementor-widget-container\">\n\t\t\t\t\t\t\t<div class=\"elementor-divider\">\n\t\t\t<span class=\"elementor-divider-separator\">\n\t\t\t\t\t\t<\/span>\n\t\t<\/div>\n\t\t\t\t\t\t<\/div>\n\t\t\t\t<\/div>\n\t\t\t\t<\/div>\n\t\t\t\t<div class=\"elementor-element elementor-element-ad252dc elementor-widget elementor-widget-text-editor\" data-id=\"ad252dc\" data-element_type=\"widget\" data-e-type=\"widget\" data-widget_type=\"text-editor.default\">\n\t\t\t\t<div class=\"elementor-widget-container\">\n\t\t\t\t\t\t\t\t\t<p>El Dr. Jorge Krasovsky mantiene su formaci\u00f3n en la vanguardia con diplomados en diversas \u00e1reas de la cirug\u00eda pl\u00e1stica a nivel internacional. Su trabajo se caracteriza por \u00e9tica, humanismo y profesionalismo, cualidades que le han valido reconocimiento en el campo m\u00e9dico.<\/p>\t\t\t\t\t\t\t\t<\/div>\n\t\t\t\t<\/div>\n\t\t\t\t<div class=\"elementor-element elementor-element-3b727d8 elementor-align-left elementor-widget elementor-widget-button\" data-id=\"3b727d8\" data-element_type=\"widget\" data-e-type=\"widget\" data-widget_type=\"button.default\">\n\t\t\t\t<div class=\"elementor-widget-container\">\n\t\t\t\t\t\t\t\t\t<div class=\"elementor-button-wrapper\">\n\t\t\t\t\t<a class=\"elementor-button elementor-button-link elementor-size-sm\" href=\"#\">\n\t\t\t\t\t\t<span class=\"elementor-button-content-wrapper\">\n\t\t\t\t\t\t\t\t\t<span class=\"elementor-button-text\">Ver m\u00e1s<\/span>\n\t\t\t\t\t<\/span>\n\t\t\t\t\t<\/a>\n\t\t\t\t<\/div>\n\t\t\t\t\t\t\t\t<\/div>\n\t\t\t\t<\/div>\n\t\t\t\t<\/div>\n\t\t\t\t<\/div>\n\t\t\t\t<\/div>\n\t\t\t\t\t<\/div>\n\t\t\t\t<\/div>\n\t\t\t\t<\/div>\n\t\t","protected":false},"excerpt":{"rendered":"<p>QUIEN SOY Transformaci\u00f3n Est\u00e9tica con Prop\u00f3sito: Salud, Belleza y Confianza en Manos del\u00a0Dr.\u00a0Krasovsky Sobre el Dr. Jorge Krasovsky El Dr. [&hellip;]<\/p>\n","protected":false},"author":1,"featured_media":0,"parent":0,"menu_order":0,"comment_status":"closed","ping_status":"closed","template":"","meta":{"site-sidebar-layout":"no-sidebar","site-content-layout":"page-builder","ast-site-content-layout":"","site-content-style":"default","site-sidebar-style":"default","ast-global-header-display":"","ast-banner-title-visibility":"","ast-main-header-display":"","ast-hfb-above-header-display":"","ast-hfb-below-header-display":"","ast-hfb-mobile-header-display":"","site-post-title":"disabled","ast-breadcrumbs-content":"disabled","ast-featured-img":"disabled","footer-sml-layout":"","theme-transparent-header-meta":"enabled","adv-header-id-meta":"","stick-header-meta":"","header-above-stick-meta":"","header-main-stick-meta":"","header-below-stick-meta":"","astra-migrate-meta-layouts":"default","ast-page-background-enabled":"default","ast-page-background-meta":{"desktop":{"background-color":"var(--ast-global-color-5)","background-image":"","background-repeat":"repeat","background-position":"center center","background-size":"auto","background-attachment":"scroll","background-type":"","background-media":"","overlay-type":"","overlay-color":"","overlay-opacity":"","overlay-gradient":""},"tablet":{"background-color":"","background-image":"","background-repeat":"repeat","background-position":"center center","background-size":"auto","background-attachment":"scroll","background-type":"","background-media":"","overlay-type":"","overlay-color":"","overlay-opacity":"","overlay-gradient":""},"mobile":{"background-color":"","background-image":"","background-repeat":"repeat","background-position":"center center","background-size":"auto","background-attachment":"scroll","background-type":"","background-media":"","overlay-type":"","overlay-color":"","overlay-opacity":"","overlay-gradient":""}},"ast-content-background-meta":{"desktop":{"background-color":"var(--ast-global-color-4)","background-image":"","background-repeat":"repeat","background-position":"center center","background-size":"auto","background-attachment":"scroll","background-type":"","background-media":"","overlay-type":"","overlay-color":"","overlay-opacity":"","overlay-gradient":""},"tablet":{"background-color":"var(--ast-global-color-4)","background-image":"","background-repeat":"repeat","background-position":"center center","background-size":"auto","background-attachment":"scroll","background-type":"","background-media":"","overlay-type":"","overlay-color":"","overlay-opacity":"","overlay-gradient":""},"mobile":{"background-color":"var(--ast-global-color-4)","background-image":"","background-repeat":"repeat","background-position":"center center","background-size":"auto","background-attachment":"scroll","background-type":"","background-media":"","overlay-type":"","overlay-color":"","overlay-opacity":"","overlay-gradient":""}},"_joinchat":[],"footnotes":""},"class_list":["post-289","page","type-page","status-publish","hentry"],"_links":{"self":[{"href":"https:\/\/drkrasovsky.com\/portal\/wp-json\/wp\/v2\/pages\/289","targetHints":{"allow":["GET"]}}],"collection":[{"href":"https:\/\/drkrasovsky.com\/portal\/wp-json\/wp\/v2\/pages"}],"about":[{"href":"https:\/\/drkrasovsky.com\/portal\/wp-json\/wp\/v2\/types\/page"}],"author":[{"embeddable":true,"href":"https:\/\/drkrasovsky.com\/portal\/wp-json\/wp\/v2\/users\/1"}],"replies":[{"embeddable":true,"href":"https:\/\/drkrasovsky.com\/portal\/wp-json\/wp\/v2\/comments?post=289"}],"version-history":[{"count":49,"href":"https:\/\/drkrasovsky.com\/portal\/wp-json\/wp\/v2\/pages\/289\/revisions"}],"predecessor-version":[{"id":1464,"href":"https:\/\/drkrasovsky.com\/portal\/wp-json\/wp\/v2\/pages\/289\/revisions\/1464"}],"wp:attachment":[{"href":"https:\/\/drkrasovsky.com\/portal\/wp-json\/wp\/v2\/media?parent=289"}],"curies":[{"name":"wp","href":"https:\/\/api.w.org\/{rel}","templated":true}]}}